{"id":4397,"date":"2023-01-16T21:19:10","date_gmt":"2023-01-16T21:19:10","guid":{"rendered":"https:\/\/laperiodistaenlineadiario.com.ar\/?page_id=4397"},"modified":"2023-07-14T19:58:41","modified_gmt":"2023-07-14T19:58:41","slug":"quienes-somos","status":"publish","type":"page","link":"https:\/\/laperiodistaenlineadiario.com.ar\/index.php\/quienes-somos\/","title":{"rendered":"Qui\u00e9nes Somos"},"content":{"rendered":"\n<p>La Periodista En L\u00ednea es un medio de comunicaci\u00f3n feminista, interseccional e independiente nativo de la Provincia de Jujuy en la Rep\u00fablica Argentina que tiene por objetivo poner a las mujeres en el centro de la narrativa period\u00edstica.<\/p>\n\n\n\n<p>Concebido en septiembre del 2020, como una trinchera informativa durante una oleada de femicidios que sacudieron nuestra provincia, como profesionales de la comunicaci\u00f3n y el periodismo nos propusimos informar de manera responsable tratando de transformar el abordaje, los conceptos y modificar los sentidos con los que se creaban las noticias.<\/p>\n\n\n\n<p>Desde ese momento y hasta el d\u00eda de hoy nos enfocamos en brindar informaci\u00f3n de calidad sobre las desigualdades de g\u00e9nero, clase y etnia que atraviesan a las mujeres con el firme objetivo de ampliar nuestra agenda informativa a otros territorios.<\/p>\n\n\n\n<p>Podes contactarnos a: laperiodistaenlinea@gmail.com o al n\u00famero de WhatsApp +5493883387373<\/p>\n\n\n\n<p>Tambien podes colaborar con nosotras a:<\/p>\n\n\n\n<figure class=\"wp-block-image size-full\"><a href=\"https:\/\/cafecito.app\/laperiodistaenlinea\"><img loading=\"lazy\" decoding=\"async\" width=\"1000\" height=\"200\" src=\"https:\/\/laperiodistaenlineadiario.com.ar\/wp-content\/uploads\/2023\/07\/leaderboard-periodista-en-linea-1.jpg\" alt=\"\" class=\"wp-image-5034\" srcset=\"https:\/\/laperiodistaenlineadiario.com.ar\/wp-content\/uploads\/2023\/07\/leaderboard-periodista-en-linea-1.jpg 1000w, https:\/\/laperiodistaenlineadiario.com.ar\/wp-content\/uploads\/2023\/07\/leaderboard-periodista-en-linea-1-300x60.jpg 300w, https:\/\/laperiodistaenlineadiario.com.ar\/wp-content\/uploads\/2023\/07\/leaderboard-periodista-en-linea-1-768x154.jpg 768w\" sizes=\"auto, (max-width: 1000px) 100vw, 1000px\" \/><\/a><\/figure>\n","protected":false},"excerpt":{"rendered":"<p>La Periodista En L\u00ednea es un medio de comunicaci\u00f3n feminista, interseccional e independiente nativo de la Provincia de Jujuy en la Rep\u00fablica Argentina que tiene por objetivo poner a las&#8230;<\/p>\n","protected":false},"author":1,"featured_media":0,"parent":0,"menu_order":0,"comment_status":"closed","ping_status":"closed","template":"","meta":{"footnotes":""},"class_list":["post-4397","page","type-page","status-publish","hentry"],"yoast_head":"<!-- This site is optimized with the Yoast SEO plugin v22.7 - https:\/\/yoast.com\/wordpress\/plugins\/seo\/ -->\n<title>Qui\u00e9nes Somos - La Periodista En Linea<\/title>\n<meta name=\"robots\" content=\"index, follow, max-snippet:-1, max-image-preview:large, max-video-preview:-1\" \/>\n<link rel=\"canonical\" href=\"https:\/\/laperiodistaenlineadiario.com.ar\/index.php\/quienes-somos\/\" \/>\n<meta property=\"og:locale\" content=\"es_ES\" \/>\n<meta property=\"og:type\" content=\"article\" \/>\n<meta property=\"og:title\" content=\"Qui\u00e9nes Somos - La Periodista En Linea\" \/>\n<meta property=\"og:description\" content=\"La Periodista En L\u00ednea es un medio de comunicaci\u00f3n feminista, interseccional e independiente nativo de la Provincia de Jujuy en la Rep\u00fablica Argentina que tiene por objetivo poner a las...\" \/>\n<meta property=\"og:url\" content=\"https:\/\/laperiodistaenlineadiario.com.ar\/index.php\/quienes-somos\/\" \/>\n<meta property=\"og:site_name\" content=\"La Periodista En Linea\" \/>\n<meta property=\"article:publisher\" content=\"https:\/\/www.facebook.com\/LaPeriodistaEnLinea\" \/>\n<meta property=\"article:modified_time\" content=\"2023-07-14T19:58:41+00:00\" \/>\n<meta property=\"og:image\" content=\"https:\/\/laperiodistaenlineadiario.com.ar\/wp-content\/uploads\/2023\/07\/leaderboard-periodista-en-linea-1.jpg\" \/>\n<meta name=\"twitter:card\" content=\"summary_large_image\" \/>\n<meta name=\"twitter:label1\" content=\"Tiempo de lectura\" \/>\n\t<meta name=\"twitter:data1\" content=\"1 minuto\" \/>\n<script type=\"application\/ld+json\" class=\"yoast-schema-graph\">{\"@context\":\"https:\/\/schema.org\",\"@graph\":[{\"@type\":\"WebPage\",\"@id\":\"https:\/\/laperiodistaenlineadiario.com.ar\/index.php\/quienes-somos\/\",\"url\":\"https:\/\/laperiodistaenlineadiario.com.ar\/index.php\/quienes-somos\/\",\"name\":\"Qui\u00e9nes Somos - La Periodista En Linea\",\"isPartOf\":{\"@id\":\"https:\/\/laperiodistaenlineadiario.com.ar\/#website\"},\"primaryImageOfPage\":{\"@id\":\"https:\/\/laperiodistaenlineadiario.com.ar\/index.php\/quienes-somos\/#primaryimage\"},\"image\":{\"@id\":\"https:\/\/laperiodistaenlineadiario.com.ar\/index.php\/quienes-somos\/#primaryimage\"},\"thumbnailUrl\":\"https:\/\/laperiodistaenlineadiario.com.ar\/wp-content\/uploads\/2023\/07\/leaderboard-periodista-en-linea-1.jpg\",\"datePublished\":\"2023-01-16T21:19:10+00:00\",\"dateModified\":\"2023-07-14T19:58:41+00:00\",\"breadcrumb\":{\"@id\":\"https:\/\/laperiodistaenlineadiario.com.ar\/index.php\/quienes-somos\/#breadcrumb\"},\"inLanguage\":\"es\",\"potentialAction\":[{\"@type\":\"ReadAction\",\"target\":[\"https:\/\/laperiodistaenlineadiario.com.ar\/index.php\/quienes-somos\/\"]}]},{\"@type\":\"ImageObject\",\"inLanguage\":\"es\",\"@id\":\"https:\/\/laperiodistaenlineadiario.com.ar\/index.php\/quienes-somos\/#primaryimage\",\"url\":\"https:\/\/laperiodistaenlineadiario.com.ar\/wp-content\/uploads\/2023\/07\/leaderboard-periodista-en-linea-1.jpg\",\"contentUrl\":\"https:\/\/laperiodistaenlineadiario.com.ar\/wp-content\/uploads\/2023\/07\/leaderboard-periodista-en-linea-1.jpg\",\"width\":1000,\"height\":200},{\"@type\":\"BreadcrumbList\",\"@id\":\"https:\/\/laperiodistaenlineadiario.com.ar\/index.php\/quienes-somos\/#breadcrumb\",\"itemListElement\":[{\"@type\":\"ListItem\",\"position\":1,\"name\":\"Portada\",\"item\":\"https:\/\/laperiodistaenlineadiario.com.ar\/\"},{\"@type\":\"ListItem\",\"position\":2,\"name\":\"Qui\u00e9nes Somos\"}]},{\"@type\":\"WebSite\",\"@id\":\"https:\/\/laperiodistaenlineadiario.com.ar\/#website\",\"url\":\"https:\/\/laperiodistaenlineadiario.com.ar\/\",\"name\":\"La Periodista En Linea\",\"description\":\"Periodismo Feminista de Jujuy para el Mundo\",\"publisher\":{\"@id\":\"https:\/\/laperiodistaenlineadiario.com.ar\/#organization\"},\"potentialAction\":[{\"@type\":\"SearchAction\",\"target\":{\"@type\":\"EntryPoint\",\"urlTemplate\":\"https:\/\/laperiodistaenlineadiario.com.ar\/?s={search_term_string}\"},\"query-input\":\"required name=search_term_string\"}],\"inLanguage\":\"es\"},{\"@type\":\"Organization\",\"@id\":\"https:\/\/laperiodistaenlineadiario.com.ar\/#organization\",\"name\":\"La Periodista En Linea\",\"url\":\"https:\/\/laperiodistaenlineadiario.com.ar\/\",\"logo\":{\"@type\":\"ImageObject\",\"inLanguage\":\"es\",\"@id\":\"https:\/\/laperiodistaenlineadiario.com.ar\/#\/schema\/logo\/image\/\",\"url\":\"https:\/\/laperiodistaenlineadiario.com.ar\/wp-content\/uploads\/2023\/01\/logo_official.svg\",\"contentUrl\":\"https:\/\/laperiodistaenlineadiario.com.ar\/wp-content\/uploads\/2023\/01\/logo_official.svg\",\"width\":3142,\"height\":2815,\"caption\":\"La Periodista En Linea\"},\"image\":{\"@id\":\"https:\/\/laperiodistaenlineadiario.com.ar\/#\/schema\/logo\/image\/\"},\"sameAs\":[\"https:\/\/www.facebook.com\/LaPeriodistaEnLinea\"]}]}<\/script>\n<!-- \/ Yoast SEO plugin. -->","yoast_head_json":{"title":"Qui\u00e9nes Somos - La Periodista En Linea","robots":{"index":"index","follow":"follow","max-snippet":"max-snippet:-1","max-image-preview":"max-image-preview:large","max-video-preview":"max-video-preview:-1"},"canonical":"https:\/\/laperiodistaenlineadiario.com.ar\/index.php\/quienes-somos\/","og_locale":"es_ES","og_type":"article","og_title":"Qui\u00e9nes Somos - La Periodista En Linea","og_description":"La Periodista En L\u00ednea es un medio de comunicaci\u00f3n feminista, interseccional e independiente nativo de la Provincia de Jujuy en la Rep\u00fablica Argentina que tiene por objetivo poner a las...","og_url":"https:\/\/laperiodistaenlineadiario.com.ar\/index.php\/quienes-somos\/","og_site_name":"La Periodista En Linea","article_publisher":"https:\/\/www.facebook.com\/LaPeriodistaEnLinea","article_modified_time":"2023-07-14T19:58:41+00:00","og_image":[{"url":"https:\/\/laperiodistaenlineadiario.com.ar\/wp-content\/uploads\/2023\/07\/leaderboard-periodista-en-linea-1.jpg"}],"twitter_card":"summary_large_image","twitter_misc":{"Tiempo de lectura":"1 minuto"},"schema":{"@context":"https:\/\/schema.org","@graph":[{"@type":"WebPage","@id":"https:\/\/laperiodistaenlineadiario.com.ar\/index.php\/quienes-somos\/","url":"https:\/\/laperiodistaenlineadiario.com.ar\/index.php\/quienes-somos\/","name":"Qui\u00e9nes Somos - La Periodista En Linea","isPartOf":{"@id":"https:\/\/laperiodistaenlineadiario.com.ar\/#website"},"primaryImageOfPage":{"@id":"https:\/\/laperiodistaenlineadiario.com.ar\/index.php\/quienes-somos\/#primaryimage"},"image":{"@id":"https:\/\/laperiodistaenlineadiario.com.ar\/index.php\/quienes-somos\/#primaryimage"},"thumbnailUrl":"https:\/\/laperiodistaenlineadiario.com.ar\/wp-content\/uploads\/2023\/07\/leaderboard-periodista-en-linea-1.jpg","datePublished":"2023-01-16T21:19:10+00:00","dateModified":"2023-07-14T19:58:41+00:00","breadcrumb":{"@id":"https:\/\/laperiodistaenlineadiario.com.ar\/index.php\/quienes-somos\/#breadcrumb"},"inLanguage":"es","potentialAction":[{"@type":"ReadAction","target":["https:\/\/laperiodistaenlineadiario.com.ar\/index.php\/quienes-somos\/"]}]},{"@type":"ImageObject","inLanguage":"es","@id":"https:\/\/laperiodistaenlineadiario.com.ar\/index.php\/quienes-somos\/#primaryimage","url":"https:\/\/laperiodistaenlineadiario.com.ar\/wp-content\/uploads\/2023\/07\/leaderboard-periodista-en-linea-1.jpg","contentUrl":"https:\/\/laperiodistaenlineadiario.com.ar\/wp-content\/uploads\/2023\/07\/leaderboard-periodista-en-linea-1.jpg","width":1000,"height":200},{"@type":"BreadcrumbList","@id":"https:\/\/laperiodistaenlineadiario.com.ar\/index.php\/quienes-somos\/#breadcrumb","itemListElement":[{"@type":"ListItem","position":1,"name":"Portada","item":"https:\/\/laperiodistaenlineadiario.com.ar\/"},{"@type":"ListItem","position":2,"name":"Qui\u00e9nes Somos"}]},{"@type":"WebSite","@id":"https:\/\/laperiodistaenlineadiario.com.ar\/#website","url":"https:\/\/laperiodistaenlineadiario.com.ar\/","name":"La Periodista En Linea","description":"Periodismo Feminista de Jujuy para el Mundo","publisher":{"@id":"https:\/\/laperiodistaenlineadiario.com.ar\/#organization"},"potentialAction":[{"@type":"SearchAction","target":{"@type":"EntryPoint","urlTemplate":"https:\/\/laperiodistaenlineadiario.com.ar\/?s={search_term_string}"},"query-input":"required name=search_term_string"}],"inLanguage":"es"},{"@type":"Organization","@id":"https:\/\/laperiodistaenlineadiario.com.ar\/#organization","name":"La Periodista En Linea","url":"https:\/\/laperiodistaenlineadiario.com.ar\/","logo":{"@type":"ImageObject","inLanguage":"es","@id":"https:\/\/laperiodistaenlineadiario.com.ar\/#\/schema\/logo\/image\/","url":"https:\/\/laperiodistaenlineadiario.com.ar\/wp-content\/uploads\/2023\/01\/logo_official.svg","contentUrl":"https:\/\/laperiodistaenlineadiario.com.ar\/wp-content\/uploads\/2023\/01\/logo_official.svg","width":3142,"height":2815,"caption":"La Periodista En Linea"},"image":{"@id":"https:\/\/laperiodistaenlineadiario.com.ar\/#\/schema\/logo\/image\/"},"sameAs":["https:\/\/www.facebook.com\/LaPeriodistaEnLinea"]}]}},"_links":{"self":[{"href":"https:\/\/laperiodistaenlineadiario.com.ar\/index.php\/wp-json\/wp\/v2\/pages\/4397","targetHints":{"allow":["GET"]}}],"collection":[{"href":"https:\/\/laperiodistaenlineadiario.com.ar\/index.php\/wp-json\/wp\/v2\/pages"}],"about":[{"href":"https:\/\/laperiodistaenlineadiario.com.ar\/index.php\/wp-json\/wp\/v2\/types\/page"}],"author":[{"embeddable":true,"href":"https:\/\/laperiodistaenlineadiario.com.ar\/index.php\/wp-json\/wp\/v2\/users\/1"}],"replies":[{"embeddable":true,"href":"https:\/\/laperiodistaenlineadiario.com.ar\/index.php\/wp-json\/wp\/v2\/comments?post=4397"}],"version-history":[{"count":3,"href":"https:\/\/laperiodistaenlineadiario.com.ar\/index.php\/wp-json\/wp\/v2\/pages\/4397\/revisions"}],"predecessor-version":[{"id":5044,"href":"https:\/\/laperiodistaenlineadiario.com.ar\/index.php\/wp-json\/wp\/v2\/pages\/4397\/revisions\/5044"}],"wp:attachment":[{"href":"https:\/\/laperiodistaenlineadiario.com.ar\/index.php\/wp-json\/wp\/v2\/media?parent=4397"}],"curies":[{"name":"wp","href":"https:\/\/api.w.org\/{rel}","templated":true}]}}